{"id":47,"date":"2025-12-18T11:21:50","date_gmt":"2025-12-18T11:21:50","guid":{"rendered":"http:\/\/www.berberhanem.com\/?page_id=47"},"modified":"2026-01-27T11:46:25","modified_gmt":"2026-01-27T11:46:25","slug":"iletisim","status":"publish","type":"page","link":"https:\/\/www.berberhanem.com\/?page_id=47","title":{"rendered":"\u0130leti\u015fim"},"content":{"rendered":"\n<p>\u0130leti\u015fim<\/p>\n\n\n\n<div class=\"wp-block-group is-layout-constrained wp-block-group-is-layout-constrained\">\n<div class=\"wp-block-columns is-layout-flex wp-container-core-columns-is-layout-28f84493 wp-block-columns-is-layout-flex\">\n<div class=\"wp-block-column is-layout-flow wp-block-column-is-layout-flow\" style=\"flex-basis:100%\"><\/div>\n<\/div>\n\n\n\n<div class=\"wp-block-columns is-layout-flex wp-container-core-columns-is-layout-28f84493 wp-block-columns-is-layout-flex\">\n<div class=\"wp-block-column is-layout-flow wp-block-column-is-layout-flow\">\n<iframe src=\"https:\/\/www.google.com\/maps\/embed?pb=!1m18!1m12!1m3!1d3061.1043509817505!2d32.646312699999996!3d39.894295899999996!2m3!1f0!2f0!3f0!3m2!1i1024!2i768!4f13.1!3m3!1m2!1s0x14d339ff0186e967%3A0x7283133e65f179a3!2sBA%C4%9ELICA%20BERBERHANEM%20ERKEK%20UZUN%20SA%C3%87%2C%20LAZER%20EP%C4%B0LASYON%2C%20KERAT%C4%B0N%2CPERMA%2C%20P%C4%B0KMENTASYON...!5e0!3m2!1str!2str!4v1768381415243!5m2!1str!2str\" width=\"500\" height=\"450\" style=\"border:0;\" allowfullscreen=\"\" loading=\"lazy\" referrerpolicy=\"no-referrer-when-downgrade\"><\/iframe>\n<\/div>\n\n\n\n<div class=\"wp-block-column is-layout-flow wp-block-column-is-layout-flow\"><\/div>\n\n\n\n<div class=\"wp-block-column is-layout-flow wp-block-column-is-layout-flow\">\n<div class=\"wp-block-cover\"><span aria-hidden=\"true\" class=\"wp-block-cover__background has-background-dim\"><\/span><div class=\"wp-block-cover__inner-container is-layout-flow wp-block-cover-is-layout-flow\">\n<div class=\"wp-block-group is-vertical is-layout-flex wp-container-core-group-is-layout-fe9cc265 wp-block-group-is-layout-flex\">\n<h6 class=\"wp-block-heading has-background-color has-text-color has-link-color wp-elements-e957b9463107b3b16ef08604e7169a7c\">Adres: Ba\u011fl\u0131ca, Hilal Cd. 1226 SOKAK, 06390 Etimesgut\/Ankara <\/h6>\n\n\n\n<p class=\"has-background-color has-text-color has-link-color wp-elements-5cf93cefbe1eace29f3782729db7edde\">Telefon numaram\u0131z : <a href=\"tel:+905362931311\">0536 293 13 11<\/a><\/p>\n\n\n\n<p class=\"has-background-color has-text-color has-link-color wp-elements-b54e96ea3cfb2b7f003776a915d551d0\"><a href=\"https:\/\/www.instagram.com\/berberhanembaglica\/\">https:\/\/www.instagram.com\/berberhanembaglica\/<\/a><\/p>\n<\/div>\n<\/div><\/div>\n<\/div>\n<\/div>\n<\/div>\n\n\n\n<p><\/p>\n\n\n\n<p class=\"has-text-align-right\"><\/p>\n\n\n\n<p class=\"has-text-align-right\"><\/p>\n","protected":false},"excerpt":{"rendered":"<p>\u0130leti\u015fim<\/p>\n","protected":false},"author":1,"featured_media":0,"parent":0,"menu_order":0,"comment_status":"closed","ping_status":"closed","template":"","meta":{"footnotes":""},"class_list":["post-47","page","type-page","status-publish","hentry"],"yoast_head":"<!-- This site is optimized with the Yoast SEO plugin v27.2 - https:\/\/yoast.com\/product\/yoast-seo-wordpress\/ -->\n<title>\u0130leti\u015fim - BERBERHANEM<\/title>\n<meta name=\"robots\" content=\"index, follow, max-snippet:-1, max-image-preview:large, max-video-preview:-1\" \/>\n<link rel=\"canonical\" href=\"http:\/\/www.berberhanem.com\/?page_id=47\" \/>\n<meta property=\"og:locale\" content=\"tr_TR\" \/>\n<meta property=\"og:type\" content=\"article\" \/>\n<meta property=\"og:title\" content=\"\u0130leti\u015fim - BERBERHANEM\" \/>\n<meta property=\"og:description\" content=\"\u0130leti\u015fim\" \/>\n<meta property=\"og:url\" content=\"http:\/\/www.berberhanem.com\/?page_id=47\" \/>\n<meta property=\"og:site_name\" content=\"BERBERHANEM\" \/>\n<meta property=\"article:modified_time\" content=\"2026-01-27T11:46:25+00:00\" \/>\n<meta name=\"twitter:card\" content=\"summary_large_image\" \/>\n<meta name=\"twitter:label1\" content=\"Tahmini okuma s\u00fcresi\" \/>\n\t<meta name=\"twitter:data1\" content=\"1 dakika\" \/>\n<script type=\"application\/ld+json\" class=\"yoast-schema-graph\">{\"@context\":\"https:\/\/schema.org\",\"@graph\":[{\"@type\":\"WebPage\",\"@id\":\"http:\/\/www.berberhanem.com\/?page_id=47\",\"url\":\"http:\/\/www.berberhanem.com\/?page_id=47\",\"name\":\"\u0130leti\u015fim - BERBERHANEM\",\"isPartOf\":{\"@id\":\"http:\/\/www.berberhanem.com\/#website\"},\"datePublished\":\"2025-12-18T11:21:50+00:00\",\"dateModified\":\"2026-01-27T11:46:25+00:00\",\"breadcrumb\":{\"@id\":\"http:\/\/www.berberhanem.com\/?page_id=47#breadcrumb\"},\"inLanguage\":\"tr\",\"potentialAction\":[{\"@type\":\"ReadAction\",\"target\":[\"http:\/\/www.berberhanem.com\/?page_id=47\"]}]},{\"@type\":\"BreadcrumbList\",\"@id\":\"http:\/\/www.berberhanem.com\/?page_id=47#breadcrumb\",\"itemListElement\":[{\"@type\":\"ListItem\",\"position\":1,\"name\":\"Anasayfa\",\"item\":\"http:\/\/www.berberhanem.com\/\"},{\"@type\":\"ListItem\",\"position\":2,\"name\":\"\u0130leti\u015fim\"}]},{\"@type\":\"WebSite\",\"@id\":\"http:\/\/www.berberhanem.com\/#website\",\"url\":\"http:\/\/www.berberhanem.com\/\",\"name\":\"BERBERHANEM\",\"description\":\"SeninTarz\u0131nSeninModelin\",\"publisher\":{\"@id\":\"http:\/\/www.berberhanem.com\/#organization\"},\"potentialAction\":[{\"@type\":\"SearchAction\",\"target\":{\"@type\":\"EntryPoint\",\"urlTemplate\":\"http:\/\/www.berberhanem.com\/?s={search_term_string}\"},\"query-input\":{\"@type\":\"PropertyValueSpecification\",\"valueRequired\":true,\"valueName\":\"search_term_string\"}}],\"inLanguage\":\"tr\"},{\"@type\":\"Organization\",\"@id\":\"http:\/\/www.berberhanem.com\/#organization\",\"name\":\"BERBERHANEM\",\"url\":\"http:\/\/www.berberhanem.com\/\",\"logo\":{\"@type\":\"ImageObject\",\"inLanguage\":\"tr\",\"@id\":\"http:\/\/www.berberhanem.com\/#\/schema\/logo\/image\/\",\"url\":\"https:\/\/www.berberhanem.com\/wp-content\/uploads\/2026\/02\/379274224_1341601259766595_3314754047113243628_n.jpg\",\"contentUrl\":\"https:\/\/www.berberhanem.com\/wp-content\/uploads\/2026\/02\/379274224_1341601259766595_3314754047113243628_n.jpg\",\"width\":640,\"height\":640,\"caption\":\"BERBERHANEM\"},\"image\":{\"@id\":\"http:\/\/www.berberhanem.com\/#\/schema\/logo\/image\/\"},\"sameAs\":[\"https:\/\/www.instagram.com\/berberhanembaglica\/\"]}]}<\/script>\n<!-- \/ Yoast SEO plugin. -->","yoast_head_json":{"title":"\u0130leti\u015fim - BERBERHANEM","robots":{"index":"index","follow":"follow","max-snippet":"max-snippet:-1","max-image-preview":"max-image-preview:large","max-video-preview":"max-video-preview:-1"},"canonical":"http:\/\/www.berberhanem.com\/?page_id=47","og_locale":"tr_TR","og_type":"article","og_title":"\u0130leti\u015fim - BERBERHANEM","og_description":"\u0130leti\u015fim","og_url":"http:\/\/www.berberhanem.com\/?page_id=47","og_site_name":"BERBERHANEM","article_modified_time":"2026-01-27T11:46:25+00:00","twitter_card":"summary_large_image","twitter_misc":{"Tahmini okuma s\u00fcresi":"1 dakika"},"schema":{"@context":"https:\/\/schema.org","@graph":[{"@type":"WebPage","@id":"http:\/\/www.berberhanem.com\/?page_id=47","url":"http:\/\/www.berberhanem.com\/?page_id=47","name":"\u0130leti\u015fim - BERBERHANEM","isPartOf":{"@id":"http:\/\/www.berberhanem.com\/#website"},"datePublished":"2025-12-18T11:21:50+00:00","dateModified":"2026-01-27T11:46:25+00:00","breadcrumb":{"@id":"http:\/\/www.berberhanem.com\/?page_id=47#breadcrumb"},"inLanguage":"tr","potentialAction":[{"@type":"ReadAction","target":["http:\/\/www.berberhanem.com\/?page_id=47"]}]},{"@type":"BreadcrumbList","@id":"http:\/\/www.berberhanem.com\/?page_id=47#breadcrumb","itemListElement":[{"@type":"ListItem","position":1,"name":"Anasayfa","item":"http:\/\/www.berberhanem.com\/"},{"@type":"ListItem","position":2,"name":"\u0130leti\u015fim"}]},{"@type":"WebSite","@id":"http:\/\/www.berberhanem.com\/#website","url":"http:\/\/www.berberhanem.com\/","name":"BERBERHANEM","description":"SeninTarz\u0131nSeninModelin","publisher":{"@id":"http:\/\/www.berberhanem.com\/#organization"},"potentialAction":[{"@type":"SearchAction","target":{"@type":"EntryPoint","urlTemplate":"http:\/\/www.berberhanem.com\/?s={search_term_string}"},"query-input":{"@type":"PropertyValueSpecification","valueRequired":true,"valueName":"search_term_string"}}],"inLanguage":"tr"},{"@type":"Organization","@id":"http:\/\/www.berberhanem.com\/#organization","name":"BERBERHANEM","url":"http:\/\/www.berberhanem.com\/","logo":{"@type":"ImageObject","inLanguage":"tr","@id":"http:\/\/www.berberhanem.com\/#\/schema\/logo\/image\/","url":"https:\/\/www.berberhanem.com\/wp-content\/uploads\/2026\/02\/379274224_1341601259766595_3314754047113243628_n.jpg","contentUrl":"https:\/\/www.berberhanem.com\/wp-content\/uploads\/2026\/02\/379274224_1341601259766595_3314754047113243628_n.jpg","width":640,"height":640,"caption":"BERBERHANEM"},"image":{"@id":"http:\/\/www.berberhanem.com\/#\/schema\/logo\/image\/"},"sameAs":["https:\/\/www.instagram.com\/berberhanembaglica\/"]}]}},"_links":{"self":[{"href":"https:\/\/www.berberhanem.com\/index.php?rest_route=\/wp\/v2\/pages\/47","targetHints":{"allow":["GET"]}}],"collection":[{"href":"https:\/\/www.berberhanem.com\/index.php?rest_route=\/wp\/v2\/pages"}],"about":[{"href":"https:\/\/www.berberhanem.com\/index.php?rest_route=\/wp\/v2\/types\/page"}],"author":[{"embeddable":true,"href":"https:\/\/www.berberhanem.com\/index.php?rest_route=\/wp\/v2\/users\/1"}],"replies":[{"embeddable":true,"href":"https:\/\/www.berberhanem.com\/index.php?rest_route=%2Fwp%2Fv2%2Fcomments&post=47"}],"version-history":[{"count":20,"href":"https:\/\/www.berberhanem.com\/index.php?rest_route=\/wp\/v2\/pages\/47\/revisions"}],"predecessor-version":[{"id":193,"href":"https:\/\/www.berberhanem.com\/index.php?rest_route=\/wp\/v2\/pages\/47\/revisions\/193"}],"wp:attachment":[{"href":"https:\/\/www.berberhanem.com\/index.php?rest_route=%2Fwp%2Fv2%2Fmedia&parent=47"}],"curies":[{"name":"wp","href":"https:\/\/api.w.org\/{rel}","templated":true}]}}